{"id":12,"date":"2025-05-21T16:18:58","date_gmt":"2025-05-21T16:18:58","guid":{"rendered":"https:\/\/libreriaayerdi.rkinformatika.online\/?page_id=12"},"modified":"2025-05-27T08:16:10","modified_gmt":"2025-05-27T08:16:10","slug":"servicio","status":"publish","type":"page","link":"https:\/\/libreriaayerdi.com\/eu\/servicio\/","title":{"rendered":"Zerbitzua"},"content":{"rendered":"<div data-elementor-type=\"wp-page\" data-elementor-id=\"12\" class=\"elementor elementor-12\" data-elementor-post-type=\"page\">\n\t\t\t\t<div class=\"elementor-element elementor-element-f50b3f8 e-con-full e-flex e-con e-parent\" data-id=\"f50b3f8\" data-element_type=\"container\" data-e-type=\"container\" data-settings=\"{&quot;background_background&quot;:&quot;classic&quot;}\">\n\t\t<div class=\"elementor-element elementor-element-0f0d992 e-con-full e-flex e-con e-child\" data-id=\"0f0d992\" data-element_type=\"container\" data-e-type=\"container\" data-settings=\"{&quot;background_background&quot;:&quot;classic&quot;}\">\n\t\t\t\t<div class=\"elementor-element elementor-element-50dca75 elementor-invisible elementor-widget elementor-widget-heading\" data-id=\"50dca75\" data-element_type=\"widget\" data-e-type=\"widget\" data-settings=\"{&quot;_animation&quot;:&quot;fadeInDown&quot;}\" data-widget_type=\"heading.default\">\n\t\t\t\t<div class=\"elementor-widget-container\">\n\t\t\t\t\t<h2 class=\"elementor-heading-title elementor-size-default\">Lectura, organizaci\u00f3n y aprendizaje al alcance de tu mano.<\/h2>\t\t\t\t<\/div>\n\t\t\t\t<\/div>\n\t\t\t\t<\/div>\n\t\t\t\t<\/div>\n\t\t<div class=\"elementor-element elementor-element-90b2dda e-con-full e-flex e-con e-parent\" data-id=\"90b2dda\" data-element_type=\"container\" data-e-type=\"container\">\n\t\t<div class=\"elementor-element elementor-element-dd373a9 e-con-full animated-slow e-flex elementor-invisible e-con e-child\" data-id=\"dd373a9\" data-element_type=\"container\" data-e-type=\"container\" data-settings=\"{&quot;animation&quot;:&quot;fadeInUp&quot;}\">\n\t\t<div class=\"elementor-element elementor-element-5dd97dd e-con-full e-flex e-con e-child\" data-id=\"5dd97dd\" data-element_type=\"container\" data-e-type=\"container\" data-settings=\"{&quot;background_background&quot;:&quot;classic&quot;}\">\n\t\t\t\t<\/div>\n\t\t\t\t<div class=\"elementor-element elementor-element-a9ff95b elementor-widget elementor-widget-heading\" data-id=\"a9ff95b\" data-element_type=\"widget\" data-e-type=\"widget\" data-widget_type=\"heading.default\">\n\t\t\t\t<div class=\"elementor-widget-container\">\n\t\t\t\t\t<h2 class=\"elementor-heading-title elementor-size-default\">Material Escolar\u200b<\/h2>\t\t\t\t<\/div>\n\t\t\t\t<\/div>\n\t\t\t\t<\/div>\n\t\t<div class=\"elementor-element elementor-element-90cdf64 e-con-full animated-slow e-flex elementor-invisible e-con e-child\" data-id=\"90cdf64\" data-element_type=\"container\" data-e-type=\"container\" data-settings=\"{&quot;animation&quot;:&quot;fadeInUp&quot;}\">\n\t\t<div class=\"elementor-element elementor-element-1529e38 e-con-full e-flex e-con e-child\" data-id=\"1529e38\" data-element_type=\"container\" data-e-type=\"container\" data-settings=\"{&quot;background_background&quot;:&quot;classic&quot;}\">\n\t\t\t\t<\/div>\n\t\t\t\t<div class=\"elementor-element elementor-element-99346a3 elementor-widget elementor-widget-heading\" data-id=\"99346a3\" data-element_type=\"widget\" data-e-type=\"widget\" data-widget_type=\"heading.default\">\n\t\t\t\t<div class=\"elementor-widget-container\">\n\t\t\t\t\t<h2 class=\"elementor-heading-title elementor-size-default\">Papeler\u00eda<\/h2>\t\t\t\t<\/div>\n\t\t\t\t<\/div>\n\t\t\t\t<\/div>\n\t\t\t\t<\/div>\n\t\t<div class=\"elementor-element elementor-element-27646fa e-con-full e-flex e-con e-parent\" data-id=\"27646fa\" data-element_type=\"container\" data-e-type=\"container\">\n\t\t<div class=\"elementor-element elementor-element-75d0851 e-con-full animated-slow e-flex elementor-invisible e-con e-child\" data-id=\"75d0851\" data-element_type=\"container\" data-e-type=\"container\" data-settings=\"{&quot;animation&quot;:&quot;fadeInUp&quot;}\">\n\t\t<div class=\"elementor-element elementor-element-929aaa0 e-con-full e-flex e-con e-child\" data-id=\"929aaa0\" data-element_type=\"container\" data-e-type=\"container\" data-settings=\"{&quot;background_background&quot;:&quot;classic&quot;}\">\n\t\t\t\t<\/div>\n\t\t\t\t<div class=\"elementor-element elementor-element-c8d6645 elementor-widget elementor-widget-heading\" data-id=\"c8d6645\" data-element_type=\"widget\" data-e-type=\"widget\" data-widget_type=\"heading.default\">\n\t\t\t\t<div class=\"elementor-widget-container\">\n\t\t\t\t\t<h2 class=\"elementor-heading-title elementor-size-default\">Librer\u00eda<\/h2>\t\t\t\t<\/div>\n\t\t\t\t<\/div>\n\t\t\t\t<\/div>\n\t\t<div class=\"elementor-element elementor-element-3e18a6c e-con-full animated-slow e-flex elementor-invisible e-con e-child\" data-id=\"3e18a6c\" data-element_type=\"container\" data-e-type=\"container\" data-settings=\"{&quot;animation&quot;:&quot;fadeInUp&quot;}\">\n\t\t<div class=\"elementor-element elementor-element-2bb1efb e-con-full e-flex e-con e-child\" data-id=\"2bb1efb\" data-element_type=\"container\" data-e-type=\"container\" data-settings=\"{&quot;background_background&quot;:&quot;classic&quot;}\">\n\t\t\t\t<\/div>\n\t\t\t\t<div class=\"elementor-element elementor-element-592b069 elementor-widget elementor-widget-heading\" data-id=\"592b069\" data-element_type=\"widget\" data-e-type=\"widget\" data-widget_type=\"heading.default\">\n\t\t\t\t<div class=\"elementor-widget-container\">\n\t\t\t\t\t<h2 class=\"elementor-heading-title elementor-size-default\">Prensa y Revistas<\/h2>\t\t\t\t<\/div>\n\t\t\t\t<\/div>\n\t\t\t\t<\/div>\n\t\t\t\t<\/div>\n\t\t<div class=\"elementor-element elementor-element-9740a0a e-flex e-con-boxed e-con e-parent\" data-id=\"9740a0a\" data-element_type=\"container\" data-e-type=\"container\" data-settings=\"{&quot;background_background&quot;:&quot;classic&quot;}\">\n\t\t\t\t\t<div class=\"e-con-inner\">\n\t\t<div class=\"elementor-element elementor-element-46c71a4 e-con-full e-flex e-con e-child\" data-id=\"46c71a4\" data-element_type=\"container\" data-e-type=\"container\" data-settings=\"{&quot;background_background&quot;:&quot;classic&quot;}\">\n\t\t\t\t<div class=\"elementor-element elementor-element-e7976c6 elementor-invisible elementor-widget elementor-widget-heading\" data-id=\"e7976c6\" data-element_type=\"widget\" data-e-type=\"widget\" data-settings=\"{&quot;_animation&quot;:&quot;fadeInDown&quot;}\" data-widget_type=\"heading.default\">\n\t\t\t\t<div class=\"elementor-widget-container\">\n\t\t\t\t\t<h2 class=\"elementor-heading-title elementor-size-default\">\u00bfBuscas algo en particular? \u00a1Escr\u00edbenos!<\/h2>\t\t\t\t<\/div>\n\t\t\t\t<\/div>\n\t\t\t\t<div class=\"elementor-element elementor-element-5d98ebf elementor-align-center animated-slow elementor-invisible elementor-widget elementor-widget-button\" data-id=\"5d98ebf\" data-element_type=\"widget\" data-e-type=\"widget\" data-settings=\"{&quot;_animation&quot;:&quot;fadeInUp&quot;}\" data-widget_type=\"button.default\">\n\t\t\t\t<div class=\"elementor-widget-container\">\n\t\t\t\t\t\t\t\t\t<div class=\"elementor-button-wrapper\">\n\t\t\t\t\t<a class=\"elementor-button elementor-button-link elementor-size-sm\" href=\"https:\/\/libreriaayerdi.com\/eu\/contacto\/\">\n\t\t\t\t\t\t<span class=\"elementor-button-content-wrapper\">\n\t\t\t\t\t\t\t\t\t<span class=\"elementor-button-text\">Cont\u00e1ctanos<\/span>\n\t\t\t\t\t<\/span>\n\t\t\t\t\t<\/a>\n\t\t\t\t<\/div>\n\t\t\t\t\t\t\t\t<\/div>\n\t\t\t\t<\/div>\n\t\t\t\t<\/div>\n\t\t\t\t\t<\/div>\n\t\t\t\t<\/div>\n\t\t\t\t<\/div>","protected":false},"excerpt":{"rendered":"<p>Lectura, organizaci\u00f3n y aprendizaje al alcance de tu mano. Material Escolar\u200b Papeler\u00eda Librer\u00eda Prensa y Revistas \u00bfBuscas algo en particular? \u00a1Escr\u00edbenos! Cont\u00e1ctanos<\/p>","protected":false},"author":1,"featured_media":0,"parent":0,"menu_order":0,"comment_status":"closed","ping_status":"closed","template":"elementor_canvas","meta":{"footnotes":""},"class_list":["post-12","page","type-page","status-publish","hentry"],"yoast_head":"<!-- This site is optimized with the Yoast SEO plugin v27.3 - https:\/\/yoast.com\/product\/yoast-seo-wordpress\/ -->\n<title>Servicio - Librer\u00eda Ayerdi<\/title>\n<meta name=\"robots\" content=\"index, follow, max-snippet:-1, max-image-preview:large, max-video-preview:-1\" \/>\n<link rel=\"canonical\" href=\"https:\/\/libreriaayerdi.com\/eu\/servicio\/\" \/>\n<meta property=\"og:locale\" content=\"en_US\" \/>\n<meta property=\"og:type\" content=\"article\" \/>\n<meta property=\"og:title\" content=\"Servicio - Librer\u00eda Ayerdi\" \/>\n<meta property=\"og:description\" content=\"Lectura, organizaci\u00f3n y aprendizaje al alcance de tu mano. Material Escolar\u200b Papeler\u00eda Librer\u00eda Prensa y Revistas \u00bfBuscas algo en particular? \u00a1Escr\u00edbenos! Cont\u00e1ctanos\" \/>\n<meta property=\"og:url\" content=\"https:\/\/libreriaayerdi.com\/eu\/servicio\/\" \/>\n<meta property=\"og:site_name\" content=\"Librer\u00eda Ayerdi\" \/>\n<meta property=\"article:modified_time\" content=\"2025-05-27T08:16:10+00:00\" \/>\n<meta name=\"twitter:card\" content=\"summary_large_image\" \/>\n<meta name=\"twitter:label1\" content=\"Est. reading time\" \/>\n\t<meta name=\"twitter:data1\" content=\"1 minutua\" \/>\n<script type=\"application\/ld+json\" class=\"yoast-schema-graph\">{\"@context\":\"https:\\\/\\\/schema.org\",\"@graph\":[{\"@type\":\"WebPage\",\"@id\":\"https:\\\/\\\/libreriaayerdi.com\\\/servicio\\\/\",\"url\":\"https:\\\/\\\/libreriaayerdi.com\\\/servicio\\\/\",\"name\":\"Servicio - Librer\u00eda Ayerdi\",\"isPartOf\":{\"@id\":\"https:\\\/\\\/libreriaayerdi.com\\\/#website\"},\"datePublished\":\"2025-05-21T16:18:58+00:00\",\"dateModified\":\"2025-05-27T08:16:10+00:00\",\"breadcrumb\":{\"@id\":\"https:\\\/\\\/libreriaayerdi.com\\\/servicio\\\/#breadcrumb\"},\"inLanguage\":\"eu\",\"potentialAction\":[{\"@type\":\"ReadAction\",\"target\":[\"https:\\\/\\\/libreriaayerdi.com\\\/servicio\\\/\"]}]},{\"@type\":\"BreadcrumbList\",\"@id\":\"https:\\\/\\\/libreriaayerdi.com\\\/servicio\\\/#breadcrumb\",\"itemListElement\":[{\"@type\":\"ListItem\",\"position\":1,\"name\":\"Portada\",\"item\":\"https:\\\/\\\/libreriaayerdi.com\\\/\"},{\"@type\":\"ListItem\",\"position\":2,\"name\":\"Servicio\"}]},{\"@type\":\"WebSite\",\"@id\":\"https:\\\/\\\/libreriaayerdi.com\\\/#website\",\"url\":\"https:\\\/\\\/libreriaayerdi.com\\\/\",\"name\":\"Librer\u00eda Ayerdi\",\"description\":\"Librer\u00eda familiar con m\u00e1s de 50 a\u00f1o de antig\u00fcedad en el centro de Amorebieta\",\"publisher\":{\"@id\":\"https:\\\/\\\/libreriaayerdi.com\\\/#organization\"},\"potentialAction\":[{\"@type\":\"SearchAction\",\"target\":{\"@type\":\"EntryPoint\",\"urlTemplate\":\"https:\\\/\\\/libreriaayerdi.com\\\/?s={search_term_string}\"},\"query-input\":{\"@type\":\"PropertyValueSpecification\",\"valueRequired\":true,\"valueName\":\"search_term_string\"}}],\"inLanguage\":\"eu\"},{\"@type\":\"Organization\",\"@id\":\"https:\\\/\\\/libreriaayerdi.com\\\/#organization\",\"name\":\"Librer\u00eda Ayerdi\",\"url\":\"https:\\\/\\\/libreriaayerdi.com\\\/\",\"logo\":{\"@type\":\"ImageObject\",\"inLanguage\":\"eu\",\"@id\":\"https:\\\/\\\/libreriaayerdi.com\\\/#\\\/schema\\\/logo\\\/image\\\/\",\"url\":\"https:\\\/\\\/libreriaayerdi.com\\\/wp-content\\\/uploads\\\/2025\\\/05\\\/cropped-Diseno-sin-titulo-e1748335064204.png\",\"contentUrl\":\"https:\\\/\\\/libreriaayerdi.com\\\/wp-content\\\/uploads\\\/2025\\\/05\\\/cropped-Diseno-sin-titulo-e1748335064204.png\",\"width\":432,\"height\":407,\"caption\":\"Librer\u00eda Ayerdi \"},\"image\":{\"@id\":\"https:\\\/\\\/libreriaayerdi.com\\\/#\\\/schema\\\/logo\\\/image\\\/\"}}]}<\/script>\n<!-- \/ Yoast SEO plugin. -->","yoast_head_json":{"title":"Servicio - Librer\u00eda Ayerdi","robots":{"index":"index","follow":"follow","max-snippet":"max-snippet:-1","max-image-preview":"max-image-preview:large","max-video-preview":"max-video-preview:-1"},"canonical":"https:\/\/libreriaayerdi.com\/eu\/servicio\/","og_locale":"en_US","og_type":"article","og_title":"Servicio - Librer\u00eda Ayerdi","og_description":"Lectura, organizaci\u00f3n y aprendizaje al alcance de tu mano. Material Escolar\u200b Papeler\u00eda Librer\u00eda Prensa y Revistas \u00bfBuscas algo en particular? \u00a1Escr\u00edbenos! Cont\u00e1ctanos","og_url":"https:\/\/libreriaayerdi.com\/eu\/servicio\/","og_site_name":"Librer\u00eda Ayerdi","article_modified_time":"2025-05-27T08:16:10+00:00","twitter_card":"summary_large_image","twitter_misc":{"Est. reading time":"1 minutua"},"schema":{"@context":"https:\/\/schema.org","@graph":[{"@type":"WebPage","@id":"https:\/\/libreriaayerdi.com\/servicio\/","url":"https:\/\/libreriaayerdi.com\/servicio\/","name":"Servicio - Librer\u00eda Ayerdi","isPartOf":{"@id":"https:\/\/libreriaayerdi.com\/#website"},"datePublished":"2025-05-21T16:18:58+00:00","dateModified":"2025-05-27T08:16:10+00:00","breadcrumb":{"@id":"https:\/\/libreriaayerdi.com\/servicio\/#breadcrumb"},"inLanguage":"eu","potentialAction":[{"@type":"ReadAction","target":["https:\/\/libreriaayerdi.com\/servicio\/"]}]},{"@type":"BreadcrumbList","@id":"https:\/\/libreriaayerdi.com\/servicio\/#breadcrumb","itemListElement":[{"@type":"ListItem","position":1,"name":"Portada","item":"https:\/\/libreriaayerdi.com\/"},{"@type":"ListItem","position":2,"name":"Servicio"}]},{"@type":"WebSite","@id":"https:\/\/libreriaayerdi.com\/#website","url":"https:\/\/libreriaayerdi.com\/","name":"Librer\u00eda Ayerdi","description":"Librer\u00eda familiar con m\u00e1s de 50 a\u00f1o de antig\u00fcedad en el centro de Amorebieta","publisher":{"@id":"https:\/\/libreriaayerdi.com\/#organization"},"potentialAction":[{"@type":"SearchAction","target":{"@type":"EntryPoint","urlTemplate":"https:\/\/libreriaayerdi.com\/?s={search_term_string}"},"query-input":{"@type":"PropertyValueSpecification","valueRequired":true,"valueName":"search_term_string"}}],"inLanguage":"eu"},{"@type":"Organization","@id":"https:\/\/libreriaayerdi.com\/#organization","name":"Librer\u00eda Ayerdi","url":"https:\/\/libreriaayerdi.com\/","logo":{"@type":"ImageObject","inLanguage":"eu","@id":"https:\/\/libreriaayerdi.com\/#\/schema\/logo\/image\/","url":"https:\/\/libreriaayerdi.com\/wp-content\/uploads\/2025\/05\/cropped-Diseno-sin-titulo-e1748335064204.png","contentUrl":"https:\/\/libreriaayerdi.com\/wp-content\/uploads\/2025\/05\/cropped-Diseno-sin-titulo-e1748335064204.png","width":432,"height":407,"caption":"Librer\u00eda Ayerdi "},"image":{"@id":"https:\/\/libreriaayerdi.com\/#\/schema\/logo\/image\/"}}]}},"_links":{"self":[{"href":"https:\/\/libreriaayerdi.com\/eu\/wp-json\/wp\/v2\/pages\/12","targetHints":{"allow":["GET"]}}],"collection":[{"href":"https:\/\/libreriaayerdi.com\/eu\/wp-json\/wp\/v2\/pages"}],"about":[{"href":"https:\/\/libreriaayerdi.com\/eu\/wp-json\/wp\/v2\/types\/page"}],"author":[{"embeddable":true,"href":"https:\/\/libreriaayerdi.com\/eu\/wp-json\/wp\/v2\/users\/1"}],"replies":[{"embeddable":true,"href":"https:\/\/libreriaayerdi.com\/eu\/wp-json\/wp\/v2\/comments?post=12"}],"version-history":[{"count":115,"href":"https:\/\/libreriaayerdi.com\/eu\/wp-json\/wp\/v2\/pages\/12\/revisions"}],"predecessor-version":[{"id":676,"href":"https:\/\/libreriaayerdi.com\/eu\/wp-json\/wp\/v2\/pages\/12\/revisions\/676"}],"wp:attachment":[{"href":"https:\/\/libreriaayerdi.com\/eu\/wp-json\/wp\/v2\/media?parent=12"}],"curies":[{"name":"wp","href":"https:\/\/api.w.org\/{rel}","templated":true}]}}